{"id":106,"date":"2018-06-26T17:55:11","date_gmt":"2018-06-26T15:55:11","guid":{"rendered":"http:\/\/innotek.fr\/?page_id=106"},"modified":"2018-06-26T18:33:24","modified_gmt":"2018-06-26T16:33:24","slug":"modules","status":"publish","type":"page","link":"https:\/\/innotek.fr\/index.php\/modules\/","title":{"rendered":"MODULES"},"content":{"rendered":"<h3><strong>Une extension \u00e0 r\u00e9aliser ? Un plugin \u00e0 concevoir ? Un interfa\u00e7age \u00e0 cr\u00e9er ?<\/strong><br \/>\n<strong>Confiez-en l&#8217;\u00e9tude et l&#8217;implantation \u00e0 Innotek.<\/strong><br \/>\n<strong>La r\u00e9alisation respectera vos exigences et votre environnement.<\/strong><\/h3>\n","protected":false},"excerpt":{"rendered":"<p>Une extension \u00e0 r\u00e9aliser ? Un plugin \u00e0 concevoir ? Un interfa\u00e7age \u00e0 cr\u00e9er ? Confiez-en l&#8217;\u00e9tude et l&#8217;implantation \u00e0 Innotek. La r\u00e9alisation respectera vos exigences et votre environnement.<\/p>\n","protected":false},"author":1,"featured_media":0,"parent":0,"menu_order":0,"comment_status":"closed","ping_status":"closed","template":"","meta":[],"_links":{"self":[{"href":"https:\/\/innotek.fr\/index.php\/wp-json\/wp\/v2\/pages\/106"}],"collection":[{"href":"https:\/\/innotek.fr\/index.php\/wp-json\/wp\/v2\/pages"}],"about":[{"href":"https:\/\/innotek.fr\/index.php\/wp-json\/wp\/v2\/types\/page"}],"author":[{"embeddable":true,"href":"https:\/\/innotek.fr\/index.php\/wp-json\/wp\/v2\/users\/1"}],"replies":[{"embeddable":true,"href":"https:\/\/innotek.fr\/index.php\/wp-json\/wp\/v2\/comments?post=106"}],"version-history":[{"count":3,"href":"https:\/\/innotek.fr\/index.php\/wp-json\/wp\/v2\/pages\/106\/revisions"}],"predecessor-version":[{"id":142,"href":"https:\/\/innotek.fr\/index.php\/wp-json\/wp\/v2\/pages\/106\/revisions\/142"}],"wp:attachment":[{"href":"https:\/\/innotek.fr\/index.php\/wp-json\/wp\/v2\/media?parent=106"}],"curies":[{"name":"wp","href":"https:\/\/api.w.org\/{rel}","templated":true}]}}