{"id":108,"date":"2018-06-26T17:55:25","date_gmt":"2018-06-26T15:55:25","guid":{"rendered":"http:\/\/innotek.fr\/?page_id=108"},"modified":"2018-06-26T18:35:00","modified_gmt":"2018-06-26T16:35:00","slug":"services","status":"publish","type":"page","link":"https:\/\/innotek.fr\/index.php\/services\/","title":{"rendered":"SERVICES"},"content":{"rendered":"<h3><strong>Un besoin isol\u00e9 et ponctuel ?<\/strong><\/h3>\n<h3><strong>Un codage \u00e0 faire ?<\/strong><\/h3>\n<h3><strong>Confiez-nous vos t\u00e2ches annexes, elles m\u00e9ritent la qualit\u00e9.<\/strong><\/h3>\n","protected":false},"excerpt":{"rendered":"<p>Un besoin isol\u00e9 et ponctuel ? Un codage \u00e0 faire ? Confiez-nous vos t\u00e2ches annexes, elles m\u00e9ritent la qualit\u00e9.<\/p>\n","protected":false},"author":1,"featured_media":0,"parent":0,"menu_order":0,"comment_status":"closed","ping_status":"closed","template":"","meta":[],"_links":{"self":[{"href":"https:\/\/innotek.fr\/index.php\/wp-json\/wp\/v2\/pages\/108"}],"collection":[{"href":"https:\/\/innotek.fr\/index.php\/wp-json\/wp\/v2\/pages"}],"about":[{"href":"https:\/\/innotek.fr\/index.php\/wp-json\/wp\/v2\/types\/page"}],"author":[{"embeddable":true,"href":"https:\/\/innotek.fr\/index.php\/wp-json\/wp\/v2\/users\/1"}],"replies":[{"embeddable":true,"href":"https:\/\/innotek.fr\/index.php\/wp-json\/wp\/v2\/comments?post=108"}],"version-history":[{"count":4,"href":"https:\/\/innotek.fr\/index.php\/wp-json\/wp\/v2\/pages\/108\/revisions"}],"predecessor-version":[{"id":146,"href":"https:\/\/innotek.fr\/index.php\/wp-json\/wp\/v2\/pages\/108\/revisions\/146"}],"wp:attachment":[{"href":"https:\/\/innotek.fr\/index.php\/wp-json\/wp\/v2\/media?parent=108"}],"curies":[{"name":"wp","href":"https:\/\/api.w.org\/{rel}","templated":true}]}}