{"id":110,"date":"2018-06-26T17:55:35","date_gmt":"2018-06-26T15:55:35","guid":{"rendered":"http:\/\/innotek.fr\/?page_id=110"},"modified":"2018-06-26T18:34:35","modified_gmt":"2018-06-26T16:34:35","slug":"quality","status":"publish","type":"page","link":"https:\/\/innotek.fr\/index.php\/quality\/","title":{"rendered":"QUALITY"},"content":{"rendered":"<h3 style=\"text-align: center;\"><strong>NOTRE DEMARCHE QUALITE<\/strong><\/h3>\n<h3><strong>La qualit\u00e9 s&#8217;inscrit dans notre d\u00e9marche de satisfaction client.<\/strong><\/h3>\n<h3><strong>Dans l&#8217;objectif de fournir une qualit\u00e9 de service et de produit \u00e9lev\u00e9e ainsi que pour permettre \u00e0 nos clients d&#8217;atteindre un haut niveau de qualit\u00e9 dans leurs propres solutions, nous poss\u00e9dons un p\u00f4le Assurance Qualit\u00e9.<\/strong><\/h3>\n<h3><strong>Nous proposons des services d&#8217;analyses qualitatifs \u00e0 nos clients pour leur permettre de connaitre pr\u00e9cis\u00e9ment les capacit\u00e9s r\u00e9elles de certains de leurs processus.<\/strong><br \/>\n<strong>Ces analyses sont de diff\u00e9rentes natures, depuis les tests fonctionnels et de fiabilit\u00e9 jusqu&#8217;au tests de performance et les tests aux limites.<\/strong><\/h3>\n<h3><strong>Nos r\u00e9alisations b\u00e9n\u00e9ficient <em>de facto<\/em> de cette d\u00e9marche qualitative.<\/strong><\/h3>\n","protected":false},"excerpt":{"rendered":"<p>NOTRE DEMARCHE QUALITE La qualit\u00e9 s&#8217;inscrit dans notre d\u00e9marche de satisfaction client. Dans l&#8217;objectif de fournir une qualit\u00e9 de service et de produit \u00e9lev\u00e9e ainsi que pour permettre \u00e0 nos clients d&#8217;atteindre un haut niveau de qualit\u00e9 dans leurs propres solutions, nous poss\u00e9dons un p\u00f4le Assurance Qualit\u00e9. Nous proposons des services d&#8217;analyses qualitatifs \u00e0 nos [&hellip;]<\/p>\n","protected":false},"author":1,"featured_media":0,"parent":0,"menu_order":0,"comment_status":"closed","ping_status":"closed","template":"","meta":[],"_links":{"self":[{"href":"https:\/\/innotek.fr\/index.php\/wp-json\/wp\/v2\/pages\/110"}],"collection":[{"href":"https:\/\/innotek.fr\/index.php\/wp-json\/wp\/v2\/pages"}],"about":[{"href":"https:\/\/innotek.fr\/index.php\/wp-json\/wp\/v2\/types\/page"}],"author":[{"embeddable":true,"href":"https:\/\/innotek.fr\/index.php\/wp-json\/wp\/v2\/users\/1"}],"replies":[{"embeddable":true,"href":"https:\/\/innotek.fr\/index.php\/wp-json\/wp\/v2\/comments?post=110"}],"version-history":[{"count":4,"href":"https:\/\/innotek.fr\/index.php\/wp-json\/wp\/v2\/pages\/110\/revisions"}],"predecessor-version":[{"id":144,"href":"https:\/\/innotek.fr\/index.php\/wp-json\/wp\/v2\/pages\/110\/revisions\/144"}],"wp:attachment":[{"href":"https:\/\/innotek.fr\/index.php\/wp-json\/wp\/v2\/media?parent=110"}],"curies":[{"name":"wp","href":"https:\/\/api.w.org\/{rel}","templated":true}]}}