{"id":2,"date":"2018-01-16T12:59:25","date_gmt":"2018-01-16T11:59:25","guid":{"rendered":"http:\/\/innotek.fr\/?page_id=2"},"modified":"2018-06-26T18:30:04","modified_gmt":"2018-06-26T16:30:04","slug":"turnkey_projects","status":"publish","type":"page","link":"https:\/\/innotek.fr\/index.php\/turnkey_projects\/","title":{"rendered":"TURNKEY PROJECTS"},"content":{"rendered":"<h3>De l&#8217;\u00e9tude pr\u00e9liminaire jusqu&#8217;\u00e0 la mise en \u0153uvre finale, INNOTEK s&#8217;occupe des diff\u00e9rentes \u00e9tapes vers l&#8217;\u00e9laboration de la meilleure solution.<\/h3>\n","protected":false},"excerpt":{"rendered":"<p>De l&#8217;\u00e9tude pr\u00e9liminaire jusqu&#8217;\u00e0 la mise en \u0153uvre finale, INNOTEK s&#8217;occupe des diff\u00e9rentes \u00e9tapes vers l&#8217;\u00e9laboration de la meilleure solution.<\/p>\n","protected":false},"author":1,"featured_media":0,"parent":0,"menu_order":0,"comment_status":"closed","ping_status":"closed","template":"","meta":[],"_links":{"self":[{"href":"https:\/\/innotek.fr\/index.php\/wp-json\/wp\/v2\/pages\/2"}],"collection":[{"href":"https:\/\/innotek.fr\/index.php\/wp-json\/wp\/v2\/pages"}],"about":[{"href":"https:\/\/innotek.fr\/index.php\/wp-json\/wp\/v2\/types\/page"}],"author":[{"embeddable":true,"href":"https:\/\/innotek.fr\/index.php\/wp-json\/wp\/v2\/users\/1"}],"replies":[{"embeddable":true,"href":"https:\/\/innotek.fr\/index.php\/wp-json\/wp\/v2\/comments?post=2"}],"version-history":[{"count":4,"href":"https:\/\/innotek.fr\/index.php\/wp-json\/wp\/v2\/pages\/2\/revisions"}],"predecessor-version":[{"id":136,"href":"https:\/\/innotek.fr\/index.php\/wp-json\/wp\/v2\/pages\/2\/revisions\/136"}],"wp:attachment":[{"href":"https:\/\/innotek.fr\/index.php\/wp-json\/wp\/v2\/media?parent=2"}],"curies":[{"name":"wp","href":"https:\/\/api.w.org\/{rel}","templated":true}]}}