{"id":7,"date":"2018-01-24T20:51:22","date_gmt":"2018-01-24T19:51:22","guid":{"rendered":"http:\/\/innotek.fr\/?page_id=7"},"modified":"2018-06-26T18:28:38","modified_gmt":"2018-06-26T16:28:38","slug":"home","status":"publish","type":"page","link":"https:\/\/innotek.fr\/","title":{"rendered":"HOME"},"content":{"rendered":"<h3><strong>Aujourd&#8217;hui, les outils technologiques sont omnipr\u00e9sents dans les m\u00e9tiers de production.<\/strong><br \/>\n<strong>N\u00e9anmoins, leur insuffisance ou leur obsolescence sont r\u00e9guli\u00e8rement point\u00e9es du doigt alors m\u00eame que les exigences augmentent.<\/strong><\/h3>\n<h3><strong>En effet, l&#8217;\u00e9volution du march\u00e9, de la technologie et des normes exige l&#8217;optimisation r\u00e9guli\u00e8re des moyens de production, et l&#8217;augmentation des rendements r\u00e9sulte d&#8217;ajustements et d&#8217;am\u00e9liorations technologiques pr\u00e9cis.<\/strong><\/h3>\n<h3><strong>Et pour rester comp\u00e9titif, cette maitrise des co\u00fbts ne doit jamais sacrifier la qualit\u00e9.<\/strong><\/h3>\n<h3><strong>Forte de son exp\u00e9rience, Innotek vous propose de vous accompagner dans l&#8217;\u00e9tude et la mise en \u0153uvre de solutions visant \u00e0 l&#8217;am\u00e9lioration quantitative et qualitative de votre productivit\u00e9.<\/strong><\/h3>\n","protected":false},"excerpt":{"rendered":"<p>Aujourd&#8217;hui, les outils technologiques sont omnipr\u00e9sents dans les m\u00e9tiers de production. N\u00e9anmoins, leur insuffisance ou leur obsolescence sont r\u00e9guli\u00e8rement point\u00e9es du doigt alors m\u00eame que les exigences augmentent. En effet, l&#8217;\u00e9volution du march\u00e9, de la technologie et des normes exige l&#8217;optimisation r\u00e9guli\u00e8re des moyens de production, et l&#8217;augmentation des rendements r\u00e9sulte d&#8217;ajustements et d&#8217;am\u00e9liorations technologiques [&hellip;]<\/p>\n","protected":false},"author":1,"featured_media":0,"parent":0,"menu_order":0,"comment_status":"closed","ping_status":"closed","template":"","meta":[],"_links":{"self":[{"href":"https:\/\/innotek.fr\/index.php\/wp-json\/wp\/v2\/pages\/7"}],"collection":[{"href":"https:\/\/innotek.fr\/index.php\/wp-json\/wp\/v2\/pages"}],"about":[{"href":"https:\/\/innotek.fr\/index.php\/wp-json\/wp\/v2\/types\/page"}],"author":[{"embeddable":true,"href":"https:\/\/innotek.fr\/index.php\/wp-json\/wp\/v2\/users\/1"}],"replies":[{"embeddable":true,"href":"https:\/\/innotek.fr\/index.php\/wp-json\/wp\/v2\/comments?post=7"}],"version-history":[{"count":6,"href":"https:\/\/innotek.fr\/index.php\/wp-json\/wp\/v2\/pages\/7\/revisions"}],"predecessor-version":[{"id":135,"href":"https:\/\/innotek.fr\/index.php\/wp-json\/wp\/v2\/pages\/7\/revisions\/135"}],"wp:attachment":[{"href":"https:\/\/innotek.fr\/index.php\/wp-json\/wp\/v2\/media?parent=7"}],"curies":[{"name":"wp","href":"https:\/\/api.w.org\/{rel}","templated":true}]}}